{"id":13678,"date":"2019-09-01T13:59:17","date_gmt":"2019-09-01T11:59:17","guid":{"rendered":"https:\/\/mallorcacruiseex.serveravatartmp.com\/escursioni-crociere-escursioni-per-crociere-a-maiorca\/"},"modified":"2019-09-01T13:59:17","modified_gmt":"2019-09-01T11:59:17","slug":"escursioni-crociere-escursioni-per-crociere-a-maiorca","status":"publish","type":"page","link":"https:\/\/mallorcacruiseexcursions.com\/it\/","title":{"rendered":"Escursioni crociere &#8211; Escursioni per crociere a Maiorca"},"content":{"rendered":"<h3>Scoprite le vere sensazioni delle Baleari con Mallorca Cruise Excursions<\/h3>\n<p>Perch\u00e9 pagare di pi\u00f9 per le escursioni in crociera a Maiorca? Scoprite le nostre attivit\u00e0 personalizzate e speciali visite guidate. Soddisfazione garantita.<br \/>\nA Mallorca Cruise Excursions, la nostra missione \u00e8 fornire un&#8217;alternativa ai costosi e anonimi tour delle navi da crociera. Le nostre attivit\u00e0 esclusive sono perfettamente adattate al programma della tua nave da crociera e offrono una maggiore variet\u00e0, una maggiore attenzione personale e molto al di sotto dei prezzi delle compagnie di crociera.<\/p>\n<p><img decoding=\"async\" class=\"alignleft size-thumbnail wp-image-5050\" src=\"https:\/\/mallorcacruiseexcursions.com\/wp-content\/uploads\/2013\/08\/5806402686_3f60e86d6d_b-150x150.jpg\" alt=\"Majorca Cruise Excursions\" width=\"150\" height=\"150\" \/><\/p>\n<p><img decoding=\"async\" class=\"alignleft size-thumbnail wp-image-4854\" src=\"https:\/\/mallorcacruiseexcursions.com\/wp-content\/uploads\/2014\/05\/13334360894_acce5e7d5f_b-150x150.jpg\" alt=\"Escursioni crociere Maiorca\" width=\"150\" height=\"150\" srcset=\"https:\/\/mallorcacruiseexcursions.com\/wp-content\/uploads\/2014\/05\/13334360894_acce5e7d5f_b-150x150.jpg 150w, https:\/\/mallorcacruiseexcursions.com\/wp-content\/uploads\/2014\/05\/13334360894_acce5e7d5f_b-90x90.jpg 90w, https:\/\/mallorcacruiseexcursions.com\/wp-content\/uploads\/2014\/05\/13334360894_acce5e7d5f_b-300x300.jpg 300w\" sizes=\"(max-width: 150px) 100vw, 150px\" \/><\/p>\n<p><img decoding=\"async\" class=\"alignleft size-thumbnail wp-image-4784\" src=\"https:\/\/mallorcacruiseexcursions.com\/wp-content\/uploads\/2013\/03\/13260819055_27be7c8bfa_b-150x150.jpg\" alt=\"Escursioni crociere Maiorca\" width=\"150\" height=\"150\" srcset=\"https:\/\/mallorcacruiseexcursions.com\/wp-content\/uploads\/2013\/03\/13260819055_27be7c8bfa_b-150x150.jpg 150w, https:\/\/mallorcacruiseexcursions.com\/wp-content\/uploads\/2013\/03\/13260819055_27be7c8bfa_b-90x90.jpg 90w, https:\/\/mallorcacruiseexcursions.com\/wp-content\/uploads\/2013\/03\/13260819055_27be7c8bfa_b-300x300.jpg 300w\" sizes=\"(max-width: 150px) 100vw, 150px\" \/><\/p>\n<p><img decoding=\"async\" class=\"alignleft size-thumbnail wp-image-4746\" src=\"https:\/\/mallorcacruiseexcursions.com\/wp-content\/uploads\/2014\/05\/13949791929_4c2fcee924_b-150x150.jpg\" alt=\"Escursioni crociere Maiorca\" width=\"150\" height=\"150\" \/><\/p>\n<p><img decoding=\"async\" class=\"alignleft size-thumbnail wp-image-5066\" src=\"https:\/\/mallorcacruiseexcursions.com\/wp-content\/uploads\/2013\/08\/2201098920_0a8c663293_b-150x150.jpg\" alt=\"Escursioni crociere Maiorca\" width=\"150\" height=\"150\" \/><\/p>\n","protected":false},"excerpt":{"rendered":"<p>Scoprite le vere sensazioni delle Baleari con Mallorca Cruise Excursions Perch\u00e9 pagare di pi\u00f9 per le escursioni in crociera a Maiorca? Scoprite le nostre attivit\u00e0 personalizzate e speciali visite guidate. Soddisfazione garantita. A Mallorca Cruise Excursions, la nostra missione \u00e8 fornire un&#8217;alternativa ai costosi e anonimi tour delle navi da crociera. Le nostre attivit\u00e0 esclusive sono perfettamente adattate al programma della tua nave da crociera e offrono una maggiore variet\u00e0, una maggiore attenzione personale e molto al di sotto dei prezzi delle compagnie di crociera.<\/p>\n","protected":false},"author":2,"featured_media":0,"parent":0,"menu_order":0,"comment_status":"closed","ping_status":"closed","template":"","meta":{"footnotes":""},"class_list":["post-13678","page","type-page","status-publish","hentry"],"_links":{"self":[{"href":"https:\/\/mallorcacruiseexcursions.com\/it\/wp-json\/wp\/v2\/pages\/13678","targetHints":{"allow":["GET"]}}],"collection":[{"href":"https:\/\/mallorcacruiseexcursions.com\/it\/wp-json\/wp\/v2\/pages"}],"about":[{"href":"https:\/\/mallorcacruiseexcursions.com\/it\/wp-json\/wp\/v2\/types\/page"}],"author":[{"embeddable":true,"href":"https:\/\/mallorcacruiseexcursions.com\/it\/wp-json\/wp\/v2\/users\/2"}],"replies":[{"embeddable":true,"href":"https:\/\/mallorcacruiseexcursions.com\/it\/wp-json\/wp\/v2\/comments?post=13678"}],"version-history":[{"count":0,"href":"https:\/\/mallorcacruiseexcursions.com\/it\/wp-json\/wp\/v2\/pages\/13678\/revisions"}],"wp:attachment":[{"href":"https:\/\/mallorcacruiseexcursions.com\/it\/wp-json\/wp\/v2\/media?parent=13678"}],"curies":[{"name":"wp","href":"https:\/\/api.w.org\/{rel}","templated":true}]}}