{"id":5207,"date":"2014-06-02T19:04:50","date_gmt":"2014-06-02T17:04:50","guid":{"rendered":"https:\/\/mallorcacruiseex.serveravatartmp.com\/?page_id=5207"},"modified":"2019-09-01T17:29:37","modified_gmt":"2019-09-01T15:29:37","slug":"ueber-uns","status":"publish","type":"page","link":"https:\/\/mallorcacruiseexcursions.com\/de\/ueber-uns\/","title":{"rendered":"\u00dcber Uns"},"content":{"rendered":"<h4>Warum mallorcacruiseexcursions.com?<\/h4>\n<p>Hier 5 gute Gr\u00fcnde, warum Sie Ihren Ausflug bei uns buchen sollten:<\/p>\n<ul>\n<li>Mehr als 10 Jahre Erfahrung in der Planung, Organisation und Unterst\u00fctzung der Reisekunden, von Privatkunden bis zu grossen Gruppen.<\/li>\n<li>Wir entwickeln und erarbeiten unsere Touren firmenintern und k\u00f6nnen deshalb Rabatte von 40% auf die Preise f\u00fcr die gleichen Ausfl\u00fcge bieten, wie an Bord des Schiffes verkauft werden.<\/li>\n<li>Wir sind in Mallorca ans\u00e4ssig und haben die besten Reiseleiter auf der Insel, die in den wichtigsten Sprachen arbeiten und bieten einen pers\u00f6nlichen VIP-Service zu einem vern\u00fcnftigen Preis.<\/li>\n<li>F\u00fchlen Sie sich frei, Ihr eigenes Paket zu personalisieren und k\u00f6nnen Touren und Ausfl\u00fcge zu jedem unabh\u00e4ngigen Paket hinzuf\u00fcgen.<\/li>\n<li>Wir versorgen Sie mit sofortiger Best\u00e4tigung aller gebuchten Ausfl\u00fcge.<\/li>\n<\/ul>\n<p>Aber das Wichtigste: Wir LIEBEN Mallorca! Und wir m\u00f6chten, dass Sie so viel wie wir von dieser unglaublichen Sonneninsel genie\u00dfen!<\/p>\n","protected":false},"excerpt":{"rendered":"<p>Warum mallorcacruiseexcursions.com? Hier 5 gute Gr\u00fcnde, warum Sie Ihren Ausflug bei uns buchen sollten: Mehr als 10 Jahre Erfahrung in der Planung, Organisation und Unterst\u00fctzung der Reisekunden, von Privatkunden bis zu grossen Gruppen. Wir entwickeln und erarbeiten unsere Touren firmenintern und k\u00f6nnen deshalb Rabatte von 40% auf die Preise f\u00fcr die gleichen Ausfl\u00fcge bieten, wie an Bord des Schiffes verkauft werden. Wir sind in Mallorca ans\u00e4ssig und haben die besten Reiseleiter auf der Insel, die in den wichtigsten Sprachen arbeiten und bieten einen pers\u00f6nlichen VIP-Service zu einem vern\u00fcnftigen Preis. F\u00fchlen Sie sich frei, Ihr eigenes Paket zu personalisieren und k\u00f6nnen Touren und Ausfl\u00fcge zu jedem unabh\u00e4ngigen Paket hinzuf\u00fcgen. Wir versorgen Sie mit sofortiger Best\u00e4tigung aller gebuchten Ausfl\u00fcge. Aber das Wichtigste: Wir LIEBEN Mallorca! Und wir m\u00f6chten, dass Sie so viel wie wir von dieser unglaublichen Sonneninsel genie\u00dfen!<\/p>\n","protected":false},"author":2,"featured_media":5263,"parent":0,"menu_order":0,"comment_status":"closed","ping_status":"open","template":"","meta":{"footnotes":""},"class_list":["post-5207","page","type-page","status-publish","has-post-thumbnail","hentry"],"_links":{"self":[{"href":"https:\/\/mallorcacruiseexcursions.com\/de\/wp-json\/wp\/v2\/pages\/5207","targetHints":{"allow":["GET"]}}],"collection":[{"href":"https:\/\/mallorcacruiseexcursions.com\/de\/wp-json\/wp\/v2\/pages"}],"about":[{"href":"https:\/\/mallorcacruiseexcursions.com\/de\/wp-json\/wp\/v2\/types\/page"}],"author":[{"embeddable":true,"href":"https:\/\/mallorcacruiseexcursions.com\/de\/wp-json\/wp\/v2\/users\/2"}],"replies":[{"embeddable":true,"href":"https:\/\/mallorcacruiseexcursions.com\/de\/wp-json\/wp\/v2\/comments?post=5207"}],"version-history":[{"count":4,"href":"https:\/\/mallorcacruiseexcursions.com\/de\/wp-json\/wp\/v2\/pages\/5207\/revisions"}],"predecessor-version":[{"id":5259,"href":"https:\/\/mallorcacruiseexcursions.com\/de\/wp-json\/wp\/v2\/pages\/5207\/revisions\/5259"}],"wp:featuredmedia":[{"embeddable":true,"href":"https:\/\/mallorcacruiseexcursions.com\/de\/wp-json\/wp\/v2\/media\/5263"}],"wp:attachment":[{"href":"https:\/\/mallorcacruiseexcursions.com\/de\/wp-json\/wp\/v2\/media?parent=5207"}],"curies":[{"name":"wp","href":"https:\/\/api.w.org\/{rel}","templated":true}]}}