{"id":5141,"date":"2014-06-01T19:44:58","date_gmt":"2014-06-01T17:44:58","guid":{"rendered":"https:\/\/mallorcacruiseex.serveravatartmp.com\/?page_id=5141"},"modified":"2014-06-01T19:44:58","modified_gmt":"2014-06-01T17:44:58","slug":"kontakt","status":"publish","type":"page","link":"https:\/\/mallorcacruiseexcursions.com\/de\/kontakt\/","title":{"rendered":"Kontakt"},"content":{"rendered":"<div class=\"frm_forms  with_frm_style frm_style_formidable-style\" id=\"frm_form_6_container\" data-token=\"cef1eeaec88935e4c6cc6a253161e092\">\n<form enctype=\"multipart\/form-data\" method=\"post\" class=\"frm-show-form  frm_pro_form \" id=\"form_contact2\" data-token=\"cef1eeaec88935e4c6cc6a253161e092\">\n<div class=\"frm_form_fields \">\n<fieldset>\n\r\n<div class=\"frm_fields_container\">\n<input type=\"hidden\" name=\"frm_action\" value=\"create\" \/>\n<input type=\"hidden\" name=\"form_id\" value=\"6\" \/>\n<input type=\"hidden\" name=\"frm_hide_fields_6\" id=\"frm_hide_fields_6\" value=\"\" \/>\n<input type=\"hidden\" name=\"form_key\" value=\"contact2\" \/>\n<input type=\"hidden\" name=\"item_meta[0]\" value=\"\" \/>\n<input type=\"hidden\" id=\"frm_submit_entry_6\" name=\"frm_submit_entry_6\" value=\"6f5365572d\" \/><input type=\"hidden\" name=\"_wp_http_referer\" value=\"\/de\/wp-json\/wp\/v2\/pages\/5141\" \/><div id=\"frm_field_83_container\" class=\"frm_form_field form-field  frm_required_field frm_top_container frm_first_half\">\r\n    <label for=\"field_qh4icy2\" class=\"frm_primary_label\">Name\r\n        <span class=\"frm_required\">*<\/span>\r\n    <\/label>\r\n    <input  type=\"text\" id=\"field_qh4icy2\" name=\"item_meta[83]\" value=\"\"  data-reqmsg=\"Dieses Feld kann nicht leer bleiben.\" aria-required=\"true\" data-invmsg=\"Name is invalid\" aria-invalid=\"false\"   aria-describedby=\"frm_desc_field_qh4icy2\" \/>\r\n    <div id=\"frm_desc_field_qh4icy2\" class=\"frm_description\">Vorname<\/div>\r\n    \r\n<\/div>\n<div id=\"frm_field_84_container\" class=\"frm_form_field form-field  frm_required_field frm_hidden_container frm_last_half\">\r\n    <label for=\"field_ocfup12\" class=\"frm_primary_label\">Nachname\r\n        <span class=\"frm_required\">*<\/span>\r\n    <\/label>\r\n    <input  type=\"text\" id=\"field_ocfup12\" name=\"item_meta[84]\" value=\"\"  data-reqmsg=\"Dieses Feld kann nicht leer bleiben.\" aria-required=\"true\" data-invmsg=\"Last is invalid\" aria-invalid=\"false\"   aria-describedby=\"frm_desc_field_ocfup12\" \/>\r\n    <div id=\"frm_desc_field_ocfup12\" class=\"frm_description\">Nachname<\/div>\r\n    \r\n<\/div>\n<div id=\"frm_field_85_container\" class=\"frm_form_field form-field  frm_required_field frm_top_container frm_full\">\r\n    <label for=\"field_29yf4d2\" class=\"frm_primary_label\">Email\r\n        <span class=\"frm_required\">*<\/span>\r\n    <\/label>\r\n    <input type=\"email\" id=\"field_29yf4d2\" name=\"item_meta[85]\" value=\"\"  data-reqmsg=\"Dieses Feld kann nicht leer bleiben.\" aria-required=\"true\" data-invmsg=\"Bitte eine g\u00fcltige E-mail Adresse eingeben\" aria-invalid=\"false\"  \/>\r\n    \r\n    \r\n<\/div>\n<div id=\"frm_field_87_container\" class=\"frm_form_field form-field  frm_required_field frm_top_container frm_full\">\r\n    <label for=\"field_e6lis62\" class=\"frm_primary_label\">Betreff\r\n        <span class=\"frm_required\">*<\/span>\r\n    <\/label>\r\n    <input  type=\"text\" id=\"field_e6lis62\" name=\"item_meta[87]\" value=\"\"  data-reqmsg=\"Dieses Feld kann nicht leer bleiben.\" aria-required=\"true\" data-invmsg=\"Subject is invalid\" aria-invalid=\"false\"   \/>\r\n    \r\n    \r\n<\/div>\n<div id=\"frm_field_88_container\" class=\"frm_form_field form-field  frm_top_container frm_full\">\r\n    <label for=\"field_9jv0r12\" class=\"frm_primary_label\">Nachricht\r\n        <span class=\"frm_required\"><\/span>\r\n    <\/label>\r\n    <textarea name=\"item_meta[88]\" id=\"field_9jv0r12\" rows=\"5\"  data-invmsg=\"Nachricht ist ung\u00fcltig\" aria-invalid=\"false\"  ><\/textarea>\r\n    \r\n    \r\n<\/div>\n<div id=\"frm_field_319_container\" class=\"frm_form_field form-field  frm_required_field frm_top_container frm12 frm_first vertical_radio\">\r\n    <label for=\"field_uzxqt\" class=\"frm_primary_label\">Checkboxes\r\n        <span class=\"frm_required\">*<\/span>\r\n    <\/label>\r\n    <div class=\"frm_opt_container\">\t\t<div class=\"frm_checkbox\" id=\"frm_checkbox_319-0\">\t\t\t<label  for=\"field_uzxqt-0\">\n\t\t\t<input type=\"checkbox\" name=\"item_meta[319][]\" id=\"field_uzxqt-0\" value=\"yes\"  data-reqmsg=\"Checkboxes cannot be blank.\" data-invmsg=\"Checkboxes ist ung\u00fcltig\"   aria-required=\"true\"  \/> Ich stimme zu, dass MallorcaCruiseExcursions meine E-Mail-Adresse sammelt, damit sie mir meine angeforderten Informationen senden kann.<\/label><\/div>\n<\/div>\r\n    <div class=\"frm_description\" id=\"frm_desc_field_uzxqt\">Weitere Informationen finden Sie in unserer Datenschutzerkl\u00e4rung. Dort erfahren Sie mehr dar\u00fcber, wo, wie und warum wir Ihre Daten speichern. Hier k\u00f6nnen Sie auch Ihre Daten sehen, modifizieren oder l\u00f6schen.<\/div>\r\n    \r\n<\/div>\n<div id=\"frm_field_354_container\" class=\"frm_form_field form-field  frm_none_container frm12 frm_first\">\r\n    <label for=\"g-recaptcha-response\" id=\"field_zhjca_label\" class=\"frm_primary_label\">reCAPTCHA\r\n        <span class=\"frm_required\" aria-hidden=\"true\"><\/span>\r\n    <\/label>\r\n    <div  id=\"field_zhjca\" class=\"g-recaptcha\" data-sitekey=\"6Lch_QAeAAAAAOMxS2n4hiHsA3zIh7O7OI0OJFZT\" data-size=\"invisible\" data-theme=\"light\" data-callback=\"frmAfterRecaptcha\"><\/div>\r\n    \r\n    \r\n<\/div>\n\t<input type=\"hidden\" name=\"item_key\" value=\"\" \/>\n\t\t\t<div id=\"frm_field_355_container\">\n\t\t\t<label for=\"field_pz6g0\" >\n\t\t\t\tFalls Du menschlich bist, lasse dieses Feld leer.\t\t\t<\/label>\n\t\t\t<input  id=\"field_pz6g0\" type=\"text\" class=\"frm_form_field form-field frm_verify\" name=\"item_meta[355]\" value=\"\"  \/>\n\t\t<\/div>\n\t\t<input name=\"frm_state\" type=\"hidden\" value=\"ND0TfIkHTjqr3OcSCtyGMe8DDtjveRbEDqJrW0pVld8t3A\/OwQMz3LqFl2ZuDKe6\" \/><div class=\"frm_submit\">\r\n\r\n<input type=\"submit\" value=\"Senden\"  class=\"frm_final_submit\" formnovalidate=\"formnovalidate\" \/>\r\n<img decoding=\"async\" class=\"frm_ajax_loading\" src=\"https:\/\/mallorcacruiseexcursions.com\/wp-content\/plugins\/formidable\/images\/ajax_loader.gif\" alt=\"Sending\" style=\"visibility:hidden;\" \/>\r\n\r\n<\/div><\/div>\n<\/fieldset>\n<\/div>\n\n<\/form>\n<\/div>\n\n","protected":false},"excerpt":{"rendered":"","protected":false},"author":1,"featured_media":0,"parent":0,"menu_order":0,"comment_status":"open","ping_status":"open","template":"","meta":{"footnotes":""},"class_list":["post-5141","page","type-page","status-publish","hentry"],"_links":{"self":[{"href":"https:\/\/mallorcacruiseexcursions.com\/de\/wp-json\/wp\/v2\/pages\/5141","targetHints":{"allow":["GET"]}}],"collection":[{"href":"https:\/\/mallorcacruiseexcursions.com\/de\/wp-json\/wp\/v2\/pages"}],"about":[{"href":"https:\/\/mallorcacruiseexcursions.com\/de\/wp-json\/wp\/v2\/types\/page"}],"author":[{"embeddable":true,"href":"https:\/\/mallorcacruiseexcursions.com\/de\/wp-json\/wp\/v2\/users\/1"}],"replies":[{"embeddable":true,"href":"https:\/\/mallorcacruiseexcursions.com\/de\/wp-json\/wp\/v2\/comments?post=5141"}],"version-history":[{"count":1,"href":"https:\/\/mallorcacruiseexcursions.com\/de\/wp-json\/wp\/v2\/pages\/5141\/revisions"}],"predecessor-version":[{"id":5142,"href":"https:\/\/mallorcacruiseexcursions.com\/de\/wp-json\/wp\/v2\/pages\/5141\/revisions\/5142"}],"wp:attachment":[{"href":"https:\/\/mallorcacruiseexcursions.com\/de\/wp-json\/wp\/v2\/media?parent=5141"}],"curies":[{"name":"wp","href":"https:\/\/api.w.org\/{rel}","templated":true}]}}