{"id":5124,"date":"2013-06-11T08:09:04","date_gmt":"2013-06-11T06:09:04","guid":{"rendered":"https:\/\/mallorcacruiseex.serveravatartmp.com\/?page_id=5124"},"modified":"2014-06-04T01:36:01","modified_gmt":"2014-06-03T23:36:01","slug":"homepage-ex-2","status":"publish","type":"page","link":"https:\/\/mallorcacruiseexcursions.com\/de\/","title":{"rendered":"Mallorca Ausfl\u00fcge"},"content":{"rendered":"<h2>Entdecken Sie das echte balearische Gef\u00fchl mit Mallorca Cruise Excursions<\/h2>\n<p>Warum mehr bezahlen f\u00fcr Mallorca Ausfl\u00fcge? Pr\u00fcfen Sie unsere benutzerdefinierte Aktivit\u00e4ten und spezielle gef\u00fchrten Entdeckungstouren. Zufriedenheitsgarantie!<\/p>\n<p>Unsere Mission bei Mallorca Cruise Excursions ist es, eine Alternative zu teuren und anonymen Kreuzfahrtschiff-Ausfl\u00fcgen zu finden. Unsere exklusiven Aktivit\u00e4ten sind perfekt im Zeitplan Ihres Kreuzfahrtschiffes angepasst und bieten mehr Vielfalt, mehr pers\u00f6nlichen Einsatz und Angebote, weit unter denen der Kreuzfahrtpreise.<\/p>\n<p><img decoding=\"async\" class=\"alignleft size-thumbnail wp-image-5050\" src=\"https:\/\/mallorcacruiseexcursions.com\/wp-content\/uploads\/2013\/08\/5806402686_3f60e86d6d_b-150x150.jpg\" alt=\"Mallorca Cruise Excursions\" width=\"150\" height=\"150\" \/><\/p>\n<p><img decoding=\"async\" class=\"alignleft size-thumbnail wp-image-4854\" src=\"https:\/\/mallorcacruiseexcursions.com\/wp-content\/uploads\/2014\/05\/13334360894_acce5e7d5f_b-150x150.jpg\" alt=\"Mallorca Cruise Excursions\" width=\"150\" height=\"150\" srcset=\"https:\/\/mallorcacruiseexcursions.com\/wp-content\/uploads\/2014\/05\/13334360894_acce5e7d5f_b-150x150.jpg 150w, https:\/\/mallorcacruiseexcursions.com\/wp-content\/uploads\/2014\/05\/13334360894_acce5e7d5f_b-90x90.jpg 90w, https:\/\/mallorcacruiseexcursions.com\/wp-content\/uploads\/2014\/05\/13334360894_acce5e7d5f_b-300x300.jpg 300w\" sizes=\"(max-width: 150px) 100vw, 150px\" \/><\/p>\n<p><img decoding=\"async\" class=\"alignleft size-thumbnail wp-image-4784\" src=\"https:\/\/mallorcacruiseexcursions.com\/wp-content\/uploads\/2013\/03\/13260819055_27be7c8bfa_b-150x150.jpg\" alt=\"Mallorca Cruise Excursions\" width=\"150\" height=\"150\" srcset=\"https:\/\/mallorcacruiseexcursions.com\/wp-content\/uploads\/2013\/03\/13260819055_27be7c8bfa_b-150x150.jpg 150w, https:\/\/mallorcacruiseexcursions.com\/wp-content\/uploads\/2013\/03\/13260819055_27be7c8bfa_b-90x90.jpg 90w, https:\/\/mallorcacruiseexcursions.com\/wp-content\/uploads\/2013\/03\/13260819055_27be7c8bfa_b-300x300.jpg 300w\" sizes=\"(max-width: 150px) 100vw, 150px\" \/><\/p>\n<p><img decoding=\"async\" class=\"alignleft size-thumbnail wp-image-4746\" src=\"https:\/\/mallorcacruiseexcursions.com\/wp-content\/uploads\/2014\/05\/13949791929_4c2fcee924_b-150x150.jpg\" alt=\"Mallorca Cruise Excursions\" width=\"150\" height=\"150\" \/><\/p>\n<p><img decoding=\"async\" class=\"alignleft size-thumbnail wp-image-5066\" src=\"https:\/\/mallorcacruiseexcursions.com\/wp-content\/uploads\/2013\/08\/2201098920_0a8c663293_b-150x150.jpg\" alt=\"Mallorca Cruise Excursions\" width=\"150\" height=\"150\" \/><\/p>\n","protected":false},"excerpt":{"rendered":"<p>Entdecken Sie das echte balearische Gef\u00fchl mit Mallorca Cruise Excursions Warum mehr bezahlen f\u00fcr Mallorca Ausfl\u00fcge? Pr\u00fcfen Sie unsere benutzerdefinierte Aktivit\u00e4ten und spezielle gef\u00fchrten Entdeckungstouren. Zufriedenheitsgarantie! Unsere Mission bei Mallorca Cruise Excursions ist es, eine Alternative zu teuren und anonymen Kreuzfahrtschiff-Ausfl\u00fcgen zu finden. Unsere exklusiven Aktivit\u00e4ten sind perfekt im Zeitplan Ihres Kreuzfahrtschiffes angepasst und bieten mehr Vielfalt, mehr pers\u00f6nlichen Einsatz und Angebote, weit unter denen der Kreuzfahrtpreise.<\/p>\n","protected":false},"author":1,"featured_media":0,"parent":0,"menu_order":0,"comment_status":"closed","ping_status":"closed","template":"","meta":{"footnotes":""},"class_list":["post-5124","page","type-page","status-publish","hentry"],"_links":{"self":[{"href":"https:\/\/mallorcacruiseexcursions.com\/de\/wp-json\/wp\/v2\/pages\/5124","targetHints":{"allow":["GET"]}}],"collection":[{"href":"https:\/\/mallorcacruiseexcursions.com\/de\/wp-json\/wp\/v2\/pages"}],"about":[{"href":"https:\/\/mallorcacruiseexcursions.com\/de\/wp-json\/wp\/v2\/types\/page"}],"author":[{"embeddable":true,"href":"https:\/\/mallorcacruiseexcursions.com\/de\/wp-json\/wp\/v2\/users\/1"}],"replies":[{"embeddable":true,"href":"https:\/\/mallorcacruiseexcursions.com\/de\/wp-json\/wp\/v2\/comments?post=5124"}],"version-history":[{"count":23,"href":"https:\/\/mallorcacruiseexcursions.com\/de\/wp-json\/wp\/v2\/pages\/5124\/revisions"}],"predecessor-version":[{"id":5290,"href":"https:\/\/mallorcacruiseexcursions.com\/de\/wp-json\/wp\/v2\/pages\/5124\/revisions\/5290"}],"wp:attachment":[{"href":"https:\/\/mallorcacruiseexcursions.com\/de\/wp-json\/wp\/v2\/media?parent=5124"}],"curies":[{"name":"wp","href":"https:\/\/api.w.org\/{rel}","templated":true}]}}